{"id":2821,"date":"2015-07-29T09:49:41","date_gmt":"2015-07-29T15:49:41","guid":{"rendered":"http:\/\/www.fimit.maxmoncada.com\/?page_id=2821"},"modified":"2026-05-04T13:34:45","modified_gmt":"2026-05-04T16:34:45","slug":"masters-mtc-es","status":"publish","type":"page","link":"https:\/\/fimit-ong.org.ar\/site\/escuela-de-medicina-china-2\/masters-mtc-es\/","title":{"rendered":"Master de FEMTC"},"content":{"rendered":"<p>[et_pb_section fb_built=\u00bb1&#8243; fullwidth=\u00bbon\u00bb custom_padding_last_edited=\u00bbon|desktop\u00bb admin_label=\u00bbsection\u00bb _builder_version=\u00bb4.16&#8243; background_image=\u00bbhttps:\/\/fimit-ong.org.ar\/site\/wp-content\/uploads\/2015\/07\/banners_nuevos-08.png\u00bb custom_padding_tablet=\u00bb50px|0|50px|0&#8243; custom_padding_phone=\u00bb\u00bb transparent_background=\u00bboff\u00bb padding_mobile=\u00bboff\u00bb global_colors_info=\u00bb{}\u00bb][et_pb_fullwidth_header title=\u00bbMaster de FEMTC\u00bb admin_label=\u00bbFullwidth Header\u00bb _builder_version=\u00bb4.16&#8243; background_color=\u00bbrgba(255, 255, 255, 0)\u00bb background_layout=\u00bblight\u00bb global_colors_info=\u00bb{}\u00bb button_one_text_size__hover_enabled=\u00bboff\u00bb button_two_text_size__hover_enabled=\u00bboff\u00bb button_one_text_color__hover_enabled=\u00bboff\u00bb button_two_text_color__hover_enabled=\u00bboff\u00bb button_one_border_width__hover_enabled=\u00bboff\u00bb button_two_border_width__hover_enabled=\u00bboff\u00bb button_one_border_color__hover_enabled=\u00bboff\u00bb button_two_border_color__hover_enabled=\u00bboff\u00bb button_one_border_radius__hover_enabled=\u00bboff\u00bb button_two_border_radius__hover_enabled=\u00bboff\u00bb button_one_letter_spacing__hover_enabled=\u00bboff\u00bb button_two_letter_spacing__hover_enabled=\u00bboff\u00bb button_one_bg_color__hover_enabled=\u00bboff\u00bb button_two_bg_color__hover_enabled=\u00bboff\u00bb] [\/et_pb_fullwidth_header][\/et_pb_section][et_pb_section fb_built=\u00bb1&#8243; admin_label=\u00bbsection\u00bb _builder_version=\u00bb4.16&#8243; global_colors_info=\u00bb{}\u00bb][et_pb_row admin_label=\u00bbrow\u00bb _builder_version=\u00bb4.16&#8243; background_size=\u00bbinitial\u00bb background_position=\u00bbtop_left\u00bb background_repeat=\u00bbrepeat\u00bb global_colors_info=\u00bb{}\u00bb][et_pb_column type=\u00bb4_4&#8243; _builder_version=\u00bb4.16&#8243; custom_padding=\u00bb|||\u00bb global_colors_info=\u00bb{}\u00bb custom_padding__hover=\u00bb|||\u00bb][et_pb_text admin_label=\u00bbText\u00bb _builder_version=\u00bb4.16&#8243; background_size=\u00bbinitial\u00bb background_position=\u00bbtop_left\u00bb background_repeat=\u00bbrepeat\u00bb use_border_color=\u00bboff\u00bb border_color=\u00bb#ffffff\u00bb border_style=\u00bbsolid\u00bb global_colors_info=\u00bb{}\u00bb]<\/p>\n<p class=\"p1\"><span class=\"s1\"><b>Dentro del Programa de Estudios de Formaci\u00f3n Continua que brinda nuestra escuela a sus alumnos, el alumno diplomado podr\u00e1 acceder <\/b><\/span><span class=\"s2\"> a los Master obteniendo becas que brindamos en convenio y<span class=\"Apple-converted-space\">\u00a0 <\/span>avalados<span class=\"Apple-converted-space\">\u00a0 <\/span>por la Fundaci\u00f3n Europea de Medicina Tradicional China , el Centro de Ense\u00f1anza de la Medicina Tradicional China y por la Universidad de Medicina Tradicional China de<span class=\"Apple-converted-space\">\u00a0 <\/span>Yunnan.<\/span><\/p>\n<p class=\"p2\"><span class=\"s2\">Los m\u00e1steres de la Fundaci\u00f3n Europea de MTC son m\u00e1steres 100% on-line, sin pr\u00e1cticas cl\u00ednicas, ya que van dirigidos \u00fanica y exclusivamente para acupuntores profesionales. Organizados y coordinados por centros educativos iberoamericanos y espa\u00f1oles con m\u00e1s de 30 a\u00f1os de experiencia en formaci\u00f3n presencial y on-line espec\u00edfica en acupuntura y medicina china. Cuentan con el respaldo acad\u00e9mico de la Universidad de Medicina China de Yunnan.<\/span><\/p>\n<p class=\"p3\"><span class=\"s2\"><b>Importante, comunicate con nosotros y te informamos\u00a0 los beneficios que reciben los alumnos\u00a0 ex alumnos,\u00a0 graduados y\u00a0 docentes de FIMIT<\/b><\/span><\/p>\n<p>[\/et_pb_text][\/et_pb_column][\/et_pb_row][et_pb_row column_structure=\u00bb1_2,1_2&#8243; admin_label=\u00bbRow\u00bb _builder_version=\u00bb4.16&#8243; background_size=\u00bbinitial\u00bb background_position=\u00bbtop_left\u00bb background_repeat=\u00bbrepeat\u00bb global_colors_info=\u00bb{}\u00bb][et_pb_column type=\u00bb1_2&#8243; _builder_version=\u00bb4.16&#8243; custom_padding=\u00bb|||\u00bb global_colors_info=\u00bb{}\u00bb custom_padding__hover=\u00bb|||\u00bb][et_pb_blurb title=\u00bbM\u00c1STER EN MEDICINA CHINA INTEGRATIVA. TRASTORNOS DE LA FERTILIDAD T\u00edtulo propio de la Universidad Europea del Atl\u00e1ntico\u00bb image=\u00bbhttps:\/\/fimit-ong.org.ar\/site\/wp-content\/uploads\/2020\/11\/Banners_Octubre-10.png\u00bb admin_label=\u00bbBlurb\u00bb _builder_version=\u00bb4.27.6&#8243; background_size=\u00bbinitial\u00bb background_position=\u00bbtop_left\u00bb background_repeat=\u00bbrepeat\u00bb hover_enabled=\u00bb0&#8243; use_border_color=\u00bboff\u00bb border_color=\u00bb#ffffff\u00bb border_style=\u00bbsolid\u00bb global_colors_info=\u00bb{}\u00bb sticky_enabled=\u00bb0&#8243;]<\/p>\n<p><a href=\"https:\/\/masteres.mtc.es\/master-fertilidad\/\" target=\"_blank\" rel=\"noopener\">https:\/\/masteres.mtc.es\/master-fertilidad\/<\/a><\/p>\n<p>[\/et_pb_blurb][et_pb_blurb title=\u00bbM\u00e1ster de Tuina aplicado en la Traumatolog\u00eda.\u00bb url=\u00bbhttps:\/\/fimit-ong.org.ar\/site\/wp-content\/uploads\/2013\/07\/Captura-de-pantalla-2015-06-30-a-las-3.55.07-p.m..png\u00bb image=\u00bbhttps:\/\/fimit-ong.org.ar\/site\/wp-content\/uploads\/2020\/11\/Banners_Octubre-13.png\u00bb admin_label=\u00bbBlurb\u00bb _builder_version=\u00bb4.27.6&#8243; background_size=\u00bbinitial\u00bb background_position=\u00bbtop_left\u00bb background_repeat=\u00bbrepeat\u00bb text_orientation=\u00bbcenter\u00bb hover_enabled=\u00bb0&#8243; use_border_color=\u00bboff\u00bb border_color=\u00bb#ffffff\u00bb border_style=\u00bbsolid\u00bb global_colors_info=\u00bb{}\u00bb sticky_enabled=\u00bb0&#8243;]<\/p>\n<p><a href=\"https:\/\/masteres.mtc.es\/master-tuina\/\" target=\"_blank\" rel=\"noopener\">https:\/\/masteres.mtc.es\/master-tuina\/<\/a><\/p>\n<p>[\/et_pb_blurb][et_pb_blurb title=\u00bbM\u00e1ster en Acupuntura y Tuina pedi\u00e1tricas\u00bb image=\u00bbhttps:\/\/fimit-ong.org.ar\/site\/wp-content\/uploads\/2020\/11\/Banners_Octubre-15.png\u00bb admin_label=\u00bbBlurb\u00bb _builder_version=\u00bb4.16&#8243; background_size=\u00bbinitial\u00bb background_position=\u00bbtop_left\u00bb background_repeat=\u00bbrepeat\u00bb use_border_color=\u00bboff\u00bb border_color=\u00bb#ffffff\u00bb border_style=\u00bbsolid\u00bb global_colors_info=\u00bb{}\u00bb] [\/et_pb_blurb][et_pb_blurb title=\u00bbM\u00e1ster en Medicina China Integrativa en Oncolog\u00eda. Tumores S\u00f3lidos. T\u00edtulo propio de la Universidad Europea del Atl\u00e1ntico\u00bb image=\u00bbhttps:\/\/fimit-ong.org.ar\/site\/wp-content\/uploads\/2020\/11\/Banners_Octubre-11.png\u00bb admin_label=\u00bbBlurb\u00bb _builder_version=\u00bb4.16&#8243; background_size=\u00bbinitial\u00bb background_position=\u00bbtop_left\u00bb background_repeat=\u00bbrepeat\u00bb text_orientation=\u00bbcenter\u00bb use_border_color=\u00bboff\u00bb border_color=\u00bb#ffffff\u00bb border_style=\u00bbsolid\u00bb global_colors_info=\u00bb{}\u00bb] [\/et_pb_blurb][\/et_pb_column][et_pb_column type=\u00bb1_2&#8243; _builder_version=\u00bb4.16&#8243; custom_padding=\u00bb|||\u00bb global_colors_info=\u00bb{}\u00bb custom_padding__hover=\u00bb|||\u00bb][et_pb_blurb title=\u00bbM\u00c1STER EN ACUPUNTURABIOENERG\u00c9TICA Y MOXIBUSTI\u00d3N T\u00edtulo Propio de la Universidad Europea del Atl\u00e1ntico\u00bb image=\u00bbhttps:\/\/fimit-ong.org.ar\/site\/wp-content\/uploads\/2020\/11\/Banners_Octubre-16.png\u00bb admin_label=\u00bbBlurb\u00bb _builder_version=\u00bb4.27.6&#8243; background_size=\u00bbinitial\u00bb background_position=\u00bbtop_left\u00bb background_repeat=\u00bbrepeat\u00bb hover_enabled=\u00bb0&#8243; use_border_color=\u00bboff\u00bb border_color=\u00bb#ffffff\u00bb border_style=\u00bbsolid\u00bb global_colors_info=\u00bb{}\u00bb sticky_enabled=\u00bb0&#8243;]<\/p>\n<p><a href=\"https:\/\/masteres.mtc.es\/master-acupuntura-bioenergetica\/\" target=\"_blank\" rel=\"noopener\">https:\/\/masteres.mtc.es\/master-acupuntura-bioenergetica\/<\/a><\/p>\n<p>[\/et_pb_blurb][et_pb_blurb title=\u00bbM\u00e1ster en Fitoterapia Tradicional China. Aplicaci\u00f3n Cl\u00ednica T\u00edtulo propio de la Universidad Europea del Atl\u00e1ntico\u00bb url=\u00bbhttps:\/\/fimit-ong.org.ar\/site\/wp-content\/uploads\/2013\/07\/Captura-de-pantalla-2015-06-30-a-las-4.10.47-p.m..png\u00bb image=\u00bbhttps:\/\/fimit-ong.org.ar\/site\/wp-content\/uploads\/2020\/11\/Banners_Octubre-14.png\u00bb admin_label=\u00bbBlurb\u00bb _builder_version=\u00bb4.16&#8243; background_size=\u00bbinitial\u00bb background_position=\u00bbtop_left\u00bb background_repeat=\u00bbrepeat\u00bb text_orientation=\u00bbcenter\u00bb use_border_color=\u00bboff\u00bb border_color=\u00bb#ffffff\u00bb border_style=\u00bbsolid\u00bb global_colors_info=\u00bb{}\u00bb] [\/et_pb_blurb][et_pb_blurb title=\u00bbM\u00e1ster en cosmolog\u00eda china \u2013 Aplicaci\u00f3n cl\u00ednica\u00bb url=\u00bbhttps:\/\/fimit-ong.org.ar\/site\/wp-content\/uploads\/2013\/07\/Captura-de-pantalla-2015-06-30-a-las-4.33.29-p.m..png\u00bb image=\u00bbhttps:\/\/fimit-ong.org.ar\/site\/wp-content\/uploads\/2020\/11\/Banners_Octubre-18.png\u00bb alt=\u00bbhttps:\/\/fimit-ong.org.ar\/site\/wp-content\/uploads\/2013\/07\/Captura-de-pantalla-2015-06-30-a-las-4.33.29-p.m..png\u00bb admin_label=\u00bbBlurb\u00bb _builder_version=\u00bb4.16&#8243; background_size=\u00bbinitial\u00bb background_position=\u00bbtop_left\u00bb background_repeat=\u00bbrepeat\u00bb text_orientation=\u00bbcenter\u00bb use_border_color=\u00bboff\u00bb border_color=\u00bb#ffffff\u00bb border_style=\u00bbsolid\u00bb global_colors_info=\u00bb{}\u00bb] [\/et_pb_blurb][\/et_pb_column][\/et_pb_row][\/et_pb_section][et_pb_section fb_built=\u00bb1&#8243; specialty=\u00bbon\u00bb custom_padding_last_edited=\u00bbon|desktop\u00bb parallax_method_1=\u00bboff\u00bb parallax_method_2=\u00bboff\u00bb admin_label=\u00bbsection\u00bb module_id=\u00bbcontacto\u00bb module_class=\u00bbcontacto\u00bb _builder_version=\u00bb4.9.4&#8243; background_color=\u00bb#1e73be\u00bb background_image=\u00bbhttps:\/\/fimit-ong.org.ar\/site\/wp-content\/uploads\/2015\/07\/back-contacto-07.jpg\u00bb custom_padding_tablet=\u00bb50px|0|50px|0&#8243; custom_padding_phone=\u00bb\u00bb transparent_background=\u00bboff\u00bb padding_mobile=\u00bboff\u00bb make_fullwidth=\u00bboff\u00bb use_custom_width=\u00bboff\u00bb width_unit=\u00bbon\u00bb global_module=\u00bb2925&#8243; global_colors_info=\u00bb{}\u00bb][et_pb_column type=\u00bb1_2&#8243; _builder_version=\u00bb4.16&#8243; custom_padding=\u00bb|||\u00bb global_colors_info=\u00bb{}\u00bb custom_padding__hover=\u00bb|||\u00bb][et_pb_text admin_label=\u00bbText\u00bb _builder_version=\u00bb4.16&#8243; background_size=\u00bbinitial\u00bb background_position=\u00bbtop_left\u00bb background_repeat=\u00bbrepeat\u00bb use_border_color=\u00bboff\u00bb global_colors_info=\u00bb{}\u00bb]<\/p>\n<p><span style=\"font-size: 18pt;\"><strong>INFO DE CONTACTO<\/strong><\/span><br \/><strong><span class=\"icono direccion\">Ducasse 1074. B\u00b0 San Mart\u00edn<\/span><\/strong><strong><span class=\"icono fijo\"><br \/>info@fimit.com.ar\/fimitinfo@gmail.com<br \/><\/span><\/strong><strong><span class=\"icono celular\">+549 0351 153913654<\/span><\/strong><br \/><strong><span class=\"icono direccion\">C\u00f3rdoba, Argentina<\/span><\/strong><strong><span class=\"icono direccion\"><\/span><\/strong><\/p>\n<p><strong><span class=\"icono direccion\">Sede Bariloche: <br \/>R\u00edo Minero 330\u00a0<\/span><\/strong><\/p>\n<p><strong><span class=\"icono direccion\">Sede Capital Federal:<br \/>Talcahuano 2283, Martinez<\/span><\/strong><\/p>\n<p><strong><span class=\"icono direccion\"><\/span><\/strong><\/p>\n<p>[\/et_pb_text][et_pb_code _builder_version=\u00bb4.16&#8243; global_colors_info=\u00bb{}\u00bb]\n<div class=\"wpcf7 no-js\" id=\"wpcf7-f1931-o1\" lang=\"en-US\" dir=\"ltr\" data-wpcf7-id=\"1931\">\n<div class=\"screen-reader-response\"><p role=\"status\" aria-live=\"polite\" aria-atomic=\"true\"><\/p> <ul><\/ul><\/div>\n<form action=\"\/site\/wp-json\/wp\/v2\/pages\/2821#wpcf7-f1931-o1\" method=\"post\" class=\"wpcf7-form init\" aria-label=\"Contact form\" novalidate=\"novalidate\" data-status=\"init\">\n<fieldset class=\"hidden-fields-container\"><input type=\"hidden\" name=\"_wpcf7\" value=\"1931\" \/><input type=\"hidden\" name=\"_wpcf7_version\" value=\"6.1.5\" \/><input type=\"hidden\" name=\"_wpcf7_locale\" value=\"en_US\" \/><input type=\"hidden\" name=\"_wpcf7_unit_tag\" value=\"wpcf7-f1931-o1\" \/><input type=\"hidden\" name=\"_wpcf7_container_post\" value=\"0\" \/><input type=\"hidden\" name=\"_wpcf7_posted_data_hash\" value=\"\" \/>\n<\/fieldset>\n<p>Tu nombre (obligatorio)\n<\/p>\n<p><span class=\"wpcf7-form-control-wrap\" data-name=\"your-name\"><input size=\"40\" maxlength=\"400\" class=\"wpcf7-form-control wpcf7-text wpcf7-validates-as-required\" aria-required=\"true\" aria-invalid=\"false\" value=\"\" type=\"text\" name=\"your-name\" \/><\/span>\n<\/p>\n<p>Tu email (obligatorio)\n<\/p>\n<p><span class=\"wpcf7-form-control-wrap\" data-name=\"your-email\"><input size=\"40\" maxlength=\"400\" class=\"wpcf7-form-control wpcf7-email wpcf7-validates-as-required wpcf7-text wpcf7-validates-as-email\" aria-required=\"true\" aria-invalid=\"false\" value=\"\" type=\"email\" name=\"your-email\" \/><\/span>\n<\/p>\n<p>Asunto\n<\/p>\n<p><span class=\"wpcf7-form-control-wrap\" data-name=\"your-subject\"><input size=\"40\" maxlength=\"400\" class=\"wpcf7-form-control wpcf7-text\" aria-invalid=\"false\" value=\"\" type=\"text\" name=\"your-subject\" \/><\/span>\n<\/p>\n<p>Tu mensaje\n<\/p>\n<p><span class=\"wpcf7-form-control-wrap\" data-name=\"your-message\"><textarea cols=\"40\" rows=\"10\" maxlength=\"2000\" class=\"wpcf7-form-control wpcf7-textarea\" aria-invalid=\"false\" name=\"your-message\"><\/textarea><\/span>\n<\/p>\n<p class=\"captcha\">Completa este campo\n<\/p>\n<p><input type=\"hidden\" name=\"_wpcf7_captcha_challenge_captcha-179\" value=\"3848428824\" \/><img loading=\"lazy\" decoding=\"async\" class=\"wpcf7-form-control wpcf7-captchac wpcf7-captcha-captcha-179\" width=\"72\" height=\"24\" alt=\"captcha\" src=\"https:\/\/fimit-ong.org.ar\/site\/wp-content\/uploads\/wpcf7_captcha\/3848428824.png\" \/><span class=\"wpcf7-form-control-wrap\" data-name=\"captcha-179\"><input size=\"20\" class=\"wpcf7-form-control wpcf7-captchar\" autocomplete=\"off\" aria-invalid=\"false\" value=\"\" type=\"text\" name=\"captcha-179\" \/><\/span>\n<\/p>\n<p class=\"btn\"><input class=\"wpcf7-form-control wpcf7-submit has-spinner\" type=\"submit\" value=\"Enviar\" \/>\n<\/p><div class=\"wpcf7-response-output\" aria-hidden=\"true\"><\/div>\n<\/form>\n<\/div>\n[\/et_pb_code][\/et_pb_column][et_pb_column type=\u00bb1_2&#8243; specialty_columns=\u00bb2&#8243; _builder_version=\u00bb4.16&#8243; custom_padding=\u00bb|||\u00bb global_colors_info=\u00bb{}\u00bb custom_padding__hover=\u00bb|||\u00bb][et_pb_row_inner _builder_version=\u00bb4.16&#8243; global_colors_info=\u00bb{}\u00bb][et_pb_column_inner saved_specialty_column_type=\u00bb1_2&#8243; _builder_version=\u00bb4.16&#8243; custom_padding=\u00bb|||\u00bb global_colors_info=\u00bb{}\u00bb custom_padding__hover=\u00bb|||\u00bb][et_pb_image src=\u00bbhttps:\/\/fimit-ong.org.ar\/site\/wp-content\/uploads\/2021\/06\/Captura-de-Pantalla-2021-06-01-a-las-16.14.21.png\u00bb title_text=\u00bbCaptura de Pantalla 2021-06-01 a la(s) 16.14.21&#8243; _builder_version=\u00bb4.16&#8243; _module_preset=\u00bbdefault\u00bb global_colors_info=\u00bb{}\u00bb][\/et_pb_image][et_pb_text admin_label=\u00bbText\u00bb _builder_version=\u00bb4.16&#8243; background_size=\u00bbinitial\u00bb background_position=\u00bbtop_left\u00bb background_repeat=\u00bbrepeat\u00bb text_orientation=\u00bbcenter\u00bb module_alignment=\u00bbcenter\u00bb use_border_color=\u00bboff\u00bb border_color=\u00bb#ffffff\u00bb border_style=\u00bbsolid\u00bb global_colors_info=\u00bb{}\u00bb]<\/p>\n<h2><strong>Miembro de<\/strong><\/h2>\n<p>[\/et_pb_text][et_pb_blurb url=\u00bbhttp:\/\/www.wfas.org.cn\/en\/show.asp?deelp=&#038;men=20&#038;id=4884&#038;liststate=0&#038;class=395&#8243; image=\u00bbhttps:\/\/fimit-ong.org.ar\/site\/wp-content\/uploads\/2015\/07\/school_logo.png\u00bb image_icon_width=\u00bbnone\u00bb admin_label=\u00bbBlurb\u00bb _builder_version=\u00bb4.16&#8243; background_size=\u00bbinitial\u00bb background_position=\u00bbtop_left\u00bb background_repeat=\u00bbrepeat\u00bb text_orientation=\u00bbcenter\u00bb use_border_color=\u00bboff\u00bb border_color=\u00bb#ffffff\u00bb border_style=\u00bbsolid\u00bb image_max_width=\u00bbnone\u00bb global_colors_info=\u00bb{}\u00bb][\/et_pb_blurb][et_pb_text _builder_version=\u00bb4.16&#8243; background_size=\u00bbinitial\u00bb background_position=\u00bbtop_left\u00bb background_repeat=\u00bbrepeat\u00bb text_orientation=\u00bbcenter\u00bb module_alignment=\u00bbcenter\u00bb use_border_color=\u00bboff\u00bb border_color=\u00bb#ffffff\u00bb border_style=\u00bbsolid\u00bb global_colors_info=\u00bb{}\u00bb]<\/p>\n<p><span id=\"siteseal\"><script src=\"https:\/\/seal.godaddy.com\/getSeal?sealID=ThTDNq7SiBbnUrySZsF19ptZCIHV4eTFvLUHJf5K9c3pTAuCPcZH8Bc38W0E\" async=\"\" type=\"text\/javascript\"><\/script><\/span><\/p>\n<p>[\/et_pb_text][\/et_pb_column_inner][\/et_pb_row_inner][\/et_pb_column][\/et_pb_section]<\/p>\n","protected":false},"excerpt":{"rendered":"<p>Dentro del Programa de Estudios de Formaci\u00f3n Continua que brinda nuestra escuela a sus alumnos, el alumno diplomado podr\u00e1 acceder a los Master obteniendo becas que brindamos en convenio y\u00a0 avalados\u00a0 por la Fundaci\u00f3n Europea de Medicina Tradicional China , el Centro de Ense\u00f1anza de la Medicina Tradicional China y por la Universidad de Medicina [&hellip;]<\/p>\n","protected":false},"author":2,"featured_media":0,"parent":2774,"menu_order":0,"comment_status":"closed","ping_status":"closed","template":"","meta":{"_et_pb_use_builder":"on","_et_pb_old_content":"","_et_gb_content_width":"","footnotes":""},"class_list":["post-2821","page","type-page","status-publish","hentry"],"yoast_head":"<!-- This site is optimized with the Yoast SEO plugin v27.4 - https:\/\/yoast.com\/product\/yoast-seo-wordpress\/ -->\n<title>Master de FEMTC - Fimit<\/title>\n<meta name=\"robots\" content=\"index, follow, max-snippet:-1, max-image-preview:large, max-video-preview:-1\" \/>\n<link rel=\"canonical\" href=\"https:\/\/fimit-ong.org.ar\/site\/escuela-de-medicina-china-2\/masters-mtc-es\/\" \/>\n<meta property=\"og:locale\" content=\"es_ES\" \/>\n<meta property=\"og:type\" content=\"article\" \/>\n<meta property=\"og:title\" content=\"Master de FEMTC - Fimit\" \/>\n<meta property=\"og:description\" content=\"Dentro del Programa de Estudios de Formaci\u00f3n Continua que brinda nuestra escuela a sus alumnos, el alumno diplomado podr\u00e1 acceder a los Master obteniendo becas que brindamos en convenio y\u00a0 avalados\u00a0 por la Fundaci\u00f3n Europea de Medicina Tradicional China , el Centro de Ense\u00f1anza de la Medicina Tradicional China y por la Universidad de Medicina [&hellip;]\" \/>\n<meta property=\"og:url\" content=\"https:\/\/fimit-ong.org.ar\/site\/escuela-de-medicina-china-2\/masters-mtc-es\/\" \/>\n<meta property=\"og:site_name\" content=\"Fimit\" \/>\n<meta property=\"article:modified_time\" content=\"2026-05-04T16:34:45+00:00\" \/>\n<meta name=\"twitter:card\" content=\"summary_large_image\" \/>\n<meta name=\"twitter:label1\" content=\"Tiempo de lectura\" \/>\n\t<meta name=\"twitter:data1\" content=\"4 minutos\" \/>\n<script type=\"application\/ld+json\" class=\"yoast-schema-graph\">{\"@context\":\"https:\\\/\\\/schema.org\",\"@graph\":[{\"@type\":\"WebPage\",\"@id\":\"https:\\\/\\\/fimit-ong.org.ar\\\/site\\\/escuela-de-medicina-china-2\\\/masters-mtc-es\\\/\",\"url\":\"https:\\\/\\\/fimit-ong.org.ar\\\/site\\\/escuela-de-medicina-china-2\\\/masters-mtc-es\\\/\",\"name\":\"Master de FEMTC - Fimit\",\"isPartOf\":{\"@id\":\"http:\\\/\\\/fimit-ong.org.ar\\\/site\\\/#website\"},\"datePublished\":\"2015-07-29T15:49:41+00:00\",\"dateModified\":\"2026-05-04T16:34:45+00:00\",\"breadcrumb\":{\"@id\":\"https:\\\/\\\/fimit-ong.org.ar\\\/site\\\/escuela-de-medicina-china-2\\\/masters-mtc-es\\\/#breadcrumb\"},\"inLanguage\":\"es\",\"potentialAction\":[{\"@type\":\"ReadAction\",\"target\":[\"https:\\\/\\\/fimit-ong.org.ar\\\/site\\\/escuela-de-medicina-china-2\\\/masters-mtc-es\\\/\"]}]},{\"@type\":\"BreadcrumbList\",\"@id\":\"https:\\\/\\\/fimit-ong.org.ar\\\/site\\\/escuela-de-medicina-china-2\\\/masters-mtc-es\\\/#breadcrumb\",\"itemListElement\":[{\"@type\":\"ListItem\",\"position\":1,\"name\":\"Home\",\"item\":\"https:\\\/\\\/fimit-ong.org.ar\\\/site\\\/\"},{\"@type\":\"ListItem\",\"position\":2,\"name\":\"Escuela de Medicina China\",\"item\":\"http:\\\/\\\/fimit-ong.org.ar\\\/site\\\/escuela-de-medicina-china-2\\\/\"},{\"@type\":\"ListItem\",\"position\":3,\"name\":\"Master de FEMTC\"}]},{\"@type\":\"WebSite\",\"@id\":\"http:\\\/\\\/fimit-ong.org.ar\\\/site\\\/#website\",\"url\":\"http:\\\/\\\/fimit-ong.org.ar\\\/site\\\/\",\"name\":\"Fimit\",\"description\":\"Fundaci\u00f3n Internacional de Medicinas Integrativas y Tradicionales\",\"potentialAction\":[{\"@type\":\"SearchAction\",\"target\":{\"@type\":\"EntryPoint\",\"urlTemplate\":\"http:\\\/\\\/fimit-ong.org.ar\\\/site\\\/?s={search_term_string}\"},\"query-input\":{\"@type\":\"PropertyValueSpecification\",\"valueRequired\":true,\"valueName\":\"search_term_string\"}}],\"inLanguage\":\"es\"}]}<\/script>\n<!-- \/ Yoast SEO plugin. -->","yoast_head_json":{"title":"Master de FEMTC - Fimit","robots":{"index":"index","follow":"follow","max-snippet":"max-snippet:-1","max-image-preview":"max-image-preview:large","max-video-preview":"max-video-preview:-1"},"canonical":"https:\/\/fimit-ong.org.ar\/site\/escuela-de-medicina-china-2\/masters-mtc-es\/","og_locale":"es_ES","og_type":"article","og_title":"Master de FEMTC - Fimit","og_description":"Dentro del Programa de Estudios de Formaci\u00f3n Continua que brinda nuestra escuela a sus alumnos, el alumno diplomado podr\u00e1 acceder a los Master obteniendo becas que brindamos en convenio y\u00a0 avalados\u00a0 por la Fundaci\u00f3n Europea de Medicina Tradicional China , el Centro de Ense\u00f1anza de la Medicina Tradicional China y por la Universidad de Medicina [&hellip;]","og_url":"https:\/\/fimit-ong.org.ar\/site\/escuela-de-medicina-china-2\/masters-mtc-es\/","og_site_name":"Fimit","article_modified_time":"2026-05-04T16:34:45+00:00","twitter_card":"summary_large_image","twitter_misc":{"Tiempo de lectura":"4 minutos"},"schema":{"@context":"https:\/\/schema.org","@graph":[{"@type":"WebPage","@id":"https:\/\/fimit-ong.org.ar\/site\/escuela-de-medicina-china-2\/masters-mtc-es\/","url":"https:\/\/fimit-ong.org.ar\/site\/escuela-de-medicina-china-2\/masters-mtc-es\/","name":"Master de FEMTC - Fimit","isPartOf":{"@id":"http:\/\/fimit-ong.org.ar\/site\/#website"},"datePublished":"2015-07-29T15:49:41+00:00","dateModified":"2026-05-04T16:34:45+00:00","breadcrumb":{"@id":"https:\/\/fimit-ong.org.ar\/site\/escuela-de-medicina-china-2\/masters-mtc-es\/#breadcrumb"},"inLanguage":"es","potentialAction":[{"@type":"ReadAction","target":["https:\/\/fimit-ong.org.ar\/site\/escuela-de-medicina-china-2\/masters-mtc-es\/"]}]},{"@type":"BreadcrumbList","@id":"https:\/\/fimit-ong.org.ar\/site\/escuela-de-medicina-china-2\/masters-mtc-es\/#breadcrumb","itemListElement":[{"@type":"ListItem","position":1,"name":"Home","item":"https:\/\/fimit-ong.org.ar\/site\/"},{"@type":"ListItem","position":2,"name":"Escuela de Medicina China","item":"http:\/\/fimit-ong.org.ar\/site\/escuela-de-medicina-china-2\/"},{"@type":"ListItem","position":3,"name":"Master de FEMTC"}]},{"@type":"WebSite","@id":"http:\/\/fimit-ong.org.ar\/site\/#website","url":"http:\/\/fimit-ong.org.ar\/site\/","name":"Fimit","description":"Fundaci\u00f3n Internacional de Medicinas Integrativas y Tradicionales","potentialAction":[{"@type":"SearchAction","target":{"@type":"EntryPoint","urlTemplate":"http:\/\/fimit-ong.org.ar\/site\/?s={search_term_string}"},"query-input":{"@type":"PropertyValueSpecification","valueRequired":true,"valueName":"search_term_string"}}],"inLanguage":"es"}]}},"_links":{"self":[{"href":"https:\/\/fimit-ong.org.ar\/site\/wp-json\/wp\/v2\/pages\/2821","targetHints":{"allow":["GET"]}}],"collection":[{"href":"https:\/\/fimit-ong.org.ar\/site\/wp-json\/wp\/v2\/pages"}],"about":[{"href":"https:\/\/fimit-ong.org.ar\/site\/wp-json\/wp\/v2\/types\/page"}],"author":[{"embeddable":true,"href":"https:\/\/fimit-ong.org.ar\/site\/wp-json\/wp\/v2\/users\/2"}],"replies":[{"embeddable":true,"href":"https:\/\/fimit-ong.org.ar\/site\/wp-json\/wp\/v2\/comments?post=2821"}],"version-history":[{"count":12,"href":"https:\/\/fimit-ong.org.ar\/site\/wp-json\/wp\/v2\/pages\/2821\/revisions"}],"predecessor-version":[{"id":6727,"href":"https:\/\/fimit-ong.org.ar\/site\/wp-json\/wp\/v2\/pages\/2821\/revisions\/6727"}],"up":[{"embeddable":true,"href":"https:\/\/fimit-ong.org.ar\/site\/wp-json\/wp\/v2\/pages\/2774"}],"wp:attachment":[{"href":"https:\/\/fimit-ong.org.ar\/site\/wp-json\/wp\/v2\/media?parent=2821"}],"curies":[{"name":"wp","href":"https:\/\/api.w.org\/{rel}","templated":true}]}}