{"id":4764,"date":"2018-06-25T16:42:43","date_gmt":"2018-06-25T19:42:43","guid":{"rendered":"https:\/\/fimit-ong.org.ar\/site\/?page_id=4764"},"modified":"2018-08-28T12:47:00","modified_gmt":"2018-08-28T15:47:00","slug":"curso-auriculoterapia","status":"publish","type":"page","link":"https:\/\/fimit-ong.org.ar\/site\/curso-auriculoterapia\/","title":{"rendered":"Curso Auriculoterapia"},"content":{"rendered":"<p>[et_pb_section bb_built=\u00bb1&#8243; fullwidth=\u00bbon\u00bb specialty=\u00bboff\u00bb background_image=\u00bbhttps:\/\/fimit-ong.org.ar\/site\/wp-content\/uploads\/2015\/07\/banners_nuevos-08.png\u00bb transparent_background=\u00bboff\u00bb allow_player_pause=\u00bboff\u00bb inner_shadow=\u00bboff\u00bb parallax=\u00bboff\u00bb parallax_method=\u00bboff\u00bb padding_mobile=\u00bboff\u00bb make_fullwidth=\u00bboff\u00bb use_custom_width=\u00bboff\u00bb width_unit=\u00bbon\u00bb make_equal=\u00bboff\u00bb use_custom_gutter=\u00bboff\u00bb custom_padding_tablet=\u00bb50px|0|50px|0&#8243; custom_padding_last_edited=\u00bbon|desktop\u00bb next_background_color=\u00bb#FFFFFF\u00bb][et_pb_fullwidth_header title=\u00bbCurso Auriculoterapia\u00bb background_layout=\u00bblight\u00bb text_orientation=\u00bbleft\u00bb header_fullscreen=\u00bboff\u00bb header_scroll_down=\u00bboff\u00bb parallax=\u00bboff\u00bb parallax_method=\u00bboff\u00bb content_orientation=\u00bbcenter\u00bb image_orientation=\u00bbcenter\u00bb custom_button_one=\u00bboff\u00bb button_one_letter_spacing=\u00bb0&#8243; button_one_use_icon=\u00bbdefault\u00bb button_one_icon_placement=\u00bbright\u00bb button_one_on_hover=\u00bbon\u00bb button_one_letter_spacing_hover=\u00bb0&#8243; custom_button_two=\u00bboff\u00bb button_two_letter_spacing=\u00bb0&#8243; button_two_use_icon=\u00bbdefault\u00bb button_two_icon_placement=\u00bbright\u00bb button_two_on_hover=\u00bbon\u00bb button_two_letter_spacing_hover=\u00bb0&#8243; content_max_width=\u00bb100%\u00bb background_color=\u00bbrgba(255, 255, 255, 0)\u00bb]<\/p>\n<p>&nbsp;<\/p>\n<p>[\/et_pb_fullwidth_header][\/et_pb_section][et_pb_section bb_built=\u00bb1&#8243; admin_label=\u00bbsection\u00bb prev_background_color=\u00bb#000000&#8243; next_background_color=\u00bb#1e73be\u00bb][et_pb_row admin_label=\u00bbrow\u00bb background_position=\u00bbtop_left\u00bb background_repeat=\u00bbrepeat\u00bb background_size=\u00bbinitial\u00bb][et_pb_column type=\u00bb1_2&#8243;][et_pb_text use_border_color=\u00bboff\u00bb background_position=\u00bbtop_left\u00bb background_repeat=\u00bbrepeat\u00bb background_size=\u00bbinitial\u00bb _builder_version=\u00bb3.9&#8243;]<\/p>\n<p><b>Programa de Aur\u00edculoterapia<\/b><\/p>\n<p><b>Fundamentaci\u00f3n:<br \/>\n<\/b>Dado al gran auge de la auriculoterapia para el tratamiento complementario de diversas patolog\u00edas, es necesaria la formaci\u00f3n profesional y \u00e9tica en este campo, para evitar el descr\u00e9dito y la desvalorizaci\u00f3n de esta terapia tan efectiva y milenaria. Para ello a trav\u00e9s de este programa se pretende ordenar los conocimientos, metodizarlos, establecer l\u00edmites y revalorizar la misma para que el mal manejo por personas no id\u00f3neas vaya en desmedro de la terapia, d\u00e1ndole la importancia que se merece para poder hacer uso de ella y extraer todo su potencial.<\/p>\n<p><b>Objetivos generales:<br \/>\n<\/b>Acceder al conocimiento te\u00f3rico y pr\u00e1ctico de esta t\u00e9cnica, desarrollando un correcto comportamiento profesional, conservando el car\u00e1cter hol\u00edstico de la misma.<\/p>\n<p><b><i>Objetivos espec\u00edficos:<\/i><\/b><\/p>\n<p><i>a- <span class=\"Apple-converted-space\">\u00a0 <\/span>A Nivel de conocimientos<\/i><\/p>\n<p>1. Conocer el origen de la auriculoterapia.<\/p>\n<p>2. Conocer las teor\u00edas sobre las que se basa.<\/p>\n<p>3. Conocer la teor\u00eda del yin y el yang, de los cinco elementos y de los zang fu para\u00a0lograr un mejor manejo desde el punto energ\u00e9tico del paciente.<\/p>\n<p>4. Interpretar los signos que la oreja manifiesta siendo parte de un diagn\u00f3stico y a\u00a0partir de all\u00ed realizar una selecci\u00f3n de puntos adecuados a cada paciente.<\/p>\n<p>5. Conocer las precauciones, contraindicaciones y l\u00edmites que la auriculoterapia\u00a0presenta.<\/p>\n<p><i>b- A Nivel de habilidades<\/i><\/p>\n<p>1. Desarrollar la capacidad de detecci\u00f3n de puntos tanto en forma manual como con detecci\u00f3n el\u00e9ctrica.<\/p>\n<p>2. Desarrollar la habilidad de seleccionar para uno o m\u00e1s tratamientos teniendo<\/p>\n<p>siempre en cuenta que cada paciente es diferente.<\/p>\n<p>c- <span class=\"Apple-converted-space\">\u00a0 <\/span>A Nivel de actitudes<\/p>\n<p>1. Lograr una actitud sincera y de \u00e9tica frente al paciente, respetando el alcance de la terapia y el del mismo profesional.<\/p>\n<p>2. Lograr una actitud hol\u00edstica ante cada paciente, teniendo en cuenta que es un ser \u00fanico inmerso en un contexto.<\/p>\n<p>&nbsp;<\/p>\n<p>[\/et_pb_text][\/et_pb_column][et_pb_column type=\u00bb1_2&#8243;][et_pb_blurb use_border_color=\u00bboff\u00bb border_color=\u00bb#ffffff\u00bb border_style=\u00bbsolid\u00bb background_position=\u00bbtop_left\u00bb background_repeat=\u00bbrepeat\u00bb background_size=\u00bbinitial\u00bb _builder_version=\u00bb3.9&#8243; \/][\/et_pb_column][\/et_pb_row][et_pb_row background_position=\u00bbtop_left\u00bb background_repeat=\u00bbrepeat\u00bb background_size=\u00bbinitial\u00bb][et_pb_column type=\u00bb4_4&#8243;][et_pb_toggle open=\u00bboff\u00bb use_border_color=\u00bboff\u00bb border_color=\u00bb#ffffff\u00bb border_style=\u00bbsolid\u00bb title=\u00bbPrograma\u00bb background_position=\u00bbtop_left\u00bb background_repeat=\u00bbrepeat\u00bb background_size=\u00bbinitial\u00bb]<\/p>\n<p><b>Contenidos<\/b><\/p>\n<p><b>Te\u00f3ricos:<\/b><\/p>\n<p>1- Origen y desarrollo del diagn\u00f3stico auricular. Qu\u00e9 es la auriculoterapia china?<\/p>\n<p>2- Precauciones y contraindicaciones.<\/p>\n<p>3- Teor\u00eda del microsistema auricular: Microsistema. Neurofisiolog\u00eda. Teor\u00eda de canales de acupuntura.<\/p>\n<p>4- Puntos a tener en cuenta.<\/p>\n<p>5- Problema de oscilaci\u00f3n.<\/p>\n<p>6- Teor\u00eda del Yin y el Yang. Teor\u00eda de los 5 elementos. Teor\u00eda de los Zang Fu.<\/p>\n<p>7- Recorrido superficial de los canales principales.<\/p>\n<p>8- Masaje auricular.<\/p>\n<p>9- Puntos a tener en cuenta en Aur\u00edculoterapia.<\/p>\n<p>10- M\u00e9todo de selecci\u00f3n de puntos. M\u00e9todo de diagn\u00f3stico auricular. M\u00e9todo de tratamiento.<\/p>\n<p>11- Sistema endocrino y nervioso.<\/p>\n<p><b>Pr\u00e1ctico:<\/b><\/p>\n<p>1- Anatom\u00eda auricular.<\/p>\n<p>2- Denominaci\u00f3n y l\u00edmites de la superficie auricular.<\/p>\n<p>3- Funciones de los puntos auriculares.<\/p>\n<p>4- Columna vertebral en la oreja reflejada en la aur\u00edcula.<\/p>\n<p>5- Puntos del H\u00e9lix.<\/p>\n<p>6- Puntos de la Fosa Escafoidea.<\/p>\n<p>7- Puntos del Trago.<\/p>\n<p>8- Puntos del Antitrago.<\/p>\n<p>9- Puntos de la Incisura del Intertrago.<\/p>\n<p>10- Puntos de la Fosa Triangular.<\/p>\n<p>11- Puntos del L\u00f3bulo.<\/p>\n<p>12- Puntos de la Concha Cava.<\/p>\n<p>13- Puntos de la Concha Cymba.<\/p>\n<p><b>Metodolog\u00eda de trabajo y ense\u00f1anza.<\/b><\/p>\n<p>La metodolog\u00eda de este curso es te\u00f3rica y pr\u00e1ctica, esta \u00faltima en pares entre los compa\u00f1eros pudiendo tener d\u00edas de pr\u00e1ctica con pacientes tra\u00eddos por ellos. Ejercicios para selecci\u00f3n de puntos y seguimiento de pacientes.<\/p>\n<p>Recursos materiales did\u00e1cticos<\/p>\n<ul>\n<li>Se utilizar\u00e1n los siguientes materiales did\u00e1cticos para el dictado del presente curso: Afiches.<\/li>\n<li>Fichas pr\u00e1cticas. Gr\u00e1ficos.<span class=\"Apple-converted-space\">\u00a0<\/span><\/li>\n<li>Power Point<\/li>\n<li>Aula virtual (Moodle) ejercicios apuntes<\/li>\n<\/ul>\n<p>La Evaluaci\u00f3n se realizara durante el cursado y se tendr\u00e1 en cuenta:<\/p>\n<p>&#8211; La participaci\u00f3n en clase en los siguientes aspectos: conocimientos, ubicaci\u00f3n de puntos en distintas orejas.<\/p>\n<p>&#8211; La pr\u00e1ctica con los compa\u00f1eros.<\/p>\n<p>Se tendr\u00e1 en cuenta<span class=\"Apple-converted-space\">\u00a0<\/span><\/p>\n<p>Lo conceptual l<\/p>\n<p>Conocimientos sobre la teor\u00eda y el empleo de la correcta terminolog\u00eda.<\/p>\n<p>Lo procedimental:<\/p>\n<p>Manejo de m\u00e9todos y ubicaci\u00f3n de los diferentes puntos tanto gr\u00e1fica como f\u00edsicamente.<\/p>\n<p>Docentes a Cargo:<\/p>\n<p><strong>Prof. Marcelo M. Biolatto &#8211; \u00a0Presidente de Fundaci\u00f3n Internacional Fimit &#8211; Docente Internacional<\/strong><\/p>\n<p><strong>Prof. Silvia G. Mattos\u00a0<\/strong><strong>Experta en Medicina Tradicional China<\/strong><\/p>\n<p>Auriculoterapeuta<\/p>\n<p>[\/et_pb_toggle][\/et_pb_column][\/et_pb_row][\/et_pb_section][et_pb_section bb_built=\u00bb1&#8243; admin_label=\u00bbsection\u00bb fullwidth=\u00bboff\u00bb specialty=\u00bbon\u00bb transparent_background=\u00bboff\u00bb background_color=\u00bb#1e73be\u00bb allow_player_pause=\u00bboff\u00bb inner_shadow=\u00bboff\u00bb parallax=\u00bboff\u00bb parallax_method=\u00bboff\u00bb padding_mobile=\u00bboff\u00bb make_fullwidth=\u00bboff\u00bb use_custom_width=\u00bboff\u00bb width_unit=\u00bbon\u00bb make_equal=\u00bboff\u00bb use_custom_gutter=\u00bboff\u00bb background_image=\u00bbhttps:\/\/fimit-ong.org.ar\/site\/wp-content\/uploads\/2015\/07\/back-contacto-07.jpg\u00bb parallax_1=\u00bboff\u00bb parallax_method_1=\u00bboff\u00bb parallax_2=\u00bboff\u00bb parallax_method_2=\u00bboff\u00bb module_id=\u00bbcontacto\u00bb module_class=\u00bbcontacto\u00bb prev_background_color=\u00bb#FFFFFF\u00bb custom_padding_tablet=\u00bb50px|0|50px|0&#8243; custom_padding_last_edited=\u00bbon|desktop\u00bb global_module=\u00bb2925&#8243;][et_pb_column type=\u00bb1_2&#8243;][et_pb_text admin_label=\u00bbText\u00bb global_parent=\u00bb2925&#8243; background_layout=\u00bblight\u00bb text_orientation=\u00bbleft\u00bb use_border_color=\u00bboff\u00bb border_color=\u00bb#ffffff\u00bb border_style=\u00bbsolid\u00bb background_position=\u00bbtop_left\u00bb background_repeat=\u00bbrepeat\u00bb background_size=\u00bbinitial\u00bb]<\/p>\n<p><span style=\"font-size: 18pt;\"><strong>INFO DE CONTACTO<\/strong><\/span><br \/>\n<strong><span class=\"icono direccion\">Ducasse 1074. B\u00b0 San Mart\u00edn.<\/span><\/strong><br \/>\n<strong><span class=\"icono fijo\">Tel\u00e9fonos: \u00a00351\u00a04736988<br \/>\ninfo@fimit.com.ar<br \/>\n<\/span><\/strong><strong><span class=\"icono celular\">+549 0351 153913654<\/span><\/strong><br \/>\n<strong><span class=\"icono direccion\">C\u00f3rdoba, Argentina<\/span><\/strong><\/p>\n<p>[\/et_pb_text][et_pb_code global_parent=\u00bb2925&#8243;]\n<div class=\"wpcf7 no-js\" id=\"wpcf7-f1931-o1\" lang=\"en-US\" dir=\"ltr\" data-wpcf7-id=\"1931\">\n<div class=\"screen-reader-response\"><p role=\"status\" aria-live=\"polite\" aria-atomic=\"true\"><\/p> <ul><\/ul><\/div>\n<form action=\"\/site\/wp-json\/wp\/v2\/pages\/4764#wpcf7-f1931-o1\" method=\"post\" class=\"wpcf7-form init\" aria-label=\"Contact form\" novalidate=\"novalidate\" data-status=\"init\">\n<fieldset class=\"hidden-fields-container\"><input type=\"hidden\" name=\"_wpcf7\" value=\"1931\" \/><input type=\"hidden\" name=\"_wpcf7_version\" value=\"6.1.5\" \/><input type=\"hidden\" name=\"_wpcf7_locale\" value=\"en_US\" \/><input type=\"hidden\" name=\"_wpcf7_unit_tag\" value=\"wpcf7-f1931-o1\" \/><input type=\"hidden\" name=\"_wpcf7_container_post\" value=\"0\" \/><input type=\"hidden\" name=\"_wpcf7_posted_data_hash\" value=\"\" \/>\n<\/fieldset>\n<p>Tu nombre (obligatorio)\n<\/p>\n<p><span class=\"wpcf7-form-control-wrap\" data-name=\"your-name\"><input size=\"40\" maxlength=\"400\" class=\"wpcf7-form-control wpcf7-text wpcf7-validates-as-required\" aria-required=\"true\" aria-invalid=\"false\" value=\"\" type=\"text\" name=\"your-name\" \/><\/span>\n<\/p>\n<p>Tu email (obligatorio)\n<\/p>\n<p><span class=\"wpcf7-form-control-wrap\" data-name=\"your-email\"><input size=\"40\" maxlength=\"400\" class=\"wpcf7-form-control wpcf7-email wpcf7-validates-as-required wpcf7-text wpcf7-validates-as-email\" aria-required=\"true\" aria-invalid=\"false\" value=\"\" type=\"email\" name=\"your-email\" \/><\/span>\n<\/p>\n<p>Asunto\n<\/p>\n<p><span class=\"wpcf7-form-control-wrap\" data-name=\"your-subject\"><input size=\"40\" maxlength=\"400\" class=\"wpcf7-form-control wpcf7-text\" aria-invalid=\"false\" value=\"\" type=\"text\" name=\"your-subject\" \/><\/span>\n<\/p>\n<p>Tu mensaje\n<\/p>\n<p><span class=\"wpcf7-form-control-wrap\" data-name=\"your-message\"><textarea cols=\"40\" rows=\"10\" maxlength=\"2000\" class=\"wpcf7-form-control wpcf7-textarea\" aria-invalid=\"false\" name=\"your-message\"><\/textarea><\/span>\n<\/p>\n<p class=\"captcha\">Completa este campo\n<\/p>\n<p><input type=\"hidden\" name=\"_wpcf7_captcha_challenge_captcha-179\" value=\"1874907073\" \/><img loading=\"lazy\" decoding=\"async\" class=\"wpcf7-form-control wpcf7-captchac wpcf7-captcha-captcha-179\" width=\"72\" height=\"24\" alt=\"captcha\" src=\"https:\/\/fimit-ong.org.ar\/site\/wp-content\/uploads\/wpcf7_captcha\/1874907073.png\" \/><span class=\"wpcf7-form-control-wrap\" data-name=\"captcha-179\"><input size=\"20\" class=\"wpcf7-form-control wpcf7-captchar\" autocomplete=\"off\" aria-invalid=\"false\" value=\"\" type=\"text\" name=\"captcha-179\" \/><\/span>\n<\/p>\n<p class=\"btn\"><input class=\"wpcf7-form-control wpcf7-submit has-spinner\" type=\"submit\" value=\"Enviar\" \/>\n<\/p><div class=\"wpcf7-response-output\" aria-hidden=\"true\"><\/div>\n<\/form>\n<\/div>\n[\/et_pb_code][\/et_pb_column][et_pb_column type=\u00bb1_2&#8243; specialty_columns=\u00bb2&#8243;][et_pb_row_inner global_parent=\u00bb2925&#8243;][et_pb_column_inner type=\u00bb4_4&#8243; saved_specialty_column_type=\u00bb1_2&#8243;][et_pb_map admin_label=\u00bbMap\u00bb global_parent=\u00bb2925&#8243; address=\u00bbDucasse 1074&#8243; zoom_level=\u00bb16&#8243; address_lat=\u00bb-31.404054618268844&#8243; address_lng=\u00bb-64.19381568749095&#8243; mouse_wheel=\u00bboff\u00bb use_grayscale_filter=\u00bboff\u00bb child_filter_saturate=\u00bb100%\u00bb][et_pb_map_pin title=\u00bbOficina\u00bb pin_address=\u00bbDucasse 1077, X5000AEH C\u00f3rdoba, C\u00f3rdoba, Argentina\u00bb pin_address_lat=\u00bb-31.415548539151608&#8243; pin_address_lng=\u00bb-64.18969816137695&#8243;] [\/et_pb_map_pin][\/et_pb_map][et_pb_text admin_label=\u00bbText\u00bb global_parent=\u00bb2925&#8243; background_layout=\u00bblight\u00bb text_orientation=\u00bbcenter\u00bb use_border_color=\u00bboff\u00bb border_color=\u00bb#ffffff\u00bb border_style=\u00bbsolid\u00bb background_position=\u00bbtop_left\u00bb background_repeat=\u00bbrepeat\u00bb background_size=\u00bbinitial\u00bb module_alignment=\u00bbcenter\u00bb]<\/p>\n<h2><strong>Miembro de<\/strong><\/h2>\n<p>[\/et_pb_text][et_pb_blurb admin_label=\u00bbBlurb\u00bb global_parent=\u00bb2925&#8243; url=\u00bbhttp:\/\/www.wfas.org.cn\/en\/show.asp?deelp=&amp;men=20&amp;id=4884&amp;liststate=0&amp;class=395&#8243; url_new_window=\u00bboff\u00bb use_icon=\u00bboff\u00bb icon_color=\u00bb#7EBEC5&#8243; use_circle=\u00bboff\u00bb circle_color=\u00bb#7EBEC5&#8243; use_circle_border=\u00bboff\u00bb circle_border_color=\u00bb#7EBEC5&#8243; image=\u00bbhttps:\/\/fimit-ong.org.ar\/site\/wp-content\/uploads\/2015\/07\/school_logo.png\u00bb icon_placement=\u00bbtop\u00bb animation=\u00bbtop\u00bb background_layout=\u00bblight\u00bb text_orientation=\u00bbcenter\u00bb use_icon_font_size=\u00bboff\u00bb use_border_color=\u00bboff\u00bb border_color=\u00bb#ffffff\u00bb border_style=\u00bbsolid\u00bb background_position=\u00bbtop_left\u00bb background_repeat=\u00bbrepeat\u00bb background_size=\u00bbinitial\u00bb image_max_width=\u00bb100%\u00bb \/][et_pb_text global_parent=\u00bb2925&#8243; background_layout=\u00bblight\u00bb text_orientation=\u00bbcenter\u00bb use_border_color=\u00bboff\u00bb border_color=\u00bb#ffffff\u00bb border_style=\u00bbsolid\u00bb background_position=\u00bbtop_left\u00bb background_repeat=\u00bbrepeat\u00bb background_size=\u00bbinitial\u00bb module_alignment=\u00bbcenter\u00bb]<\/p>\n<p><span id=\"siteseal\"><script src=\"https:\/\/seal.godaddy.com\/getSeal?sealID=ThTDNq7SiBbnUrySZsF19ptZCIHV4eTFvLUHJf5K9c3pTAuCPcZH8Bc38W0E\" async=\"\" type=\"text\/javascript\"><\/script><\/span><\/p>\n<p>[\/et_pb_text][\/et_pb_column_inner][\/et_pb_row_inner][\/et_pb_column][\/et_pb_section]<\/p>\n","protected":false},"excerpt":{"rendered":"<p>&nbsp; Programa de Aur\u00edculoterapia Fundamentaci\u00f3n: Dado al gran auge de la auriculoterapia para el tratamiento complementario de diversas patolog\u00edas, es necesaria la formaci\u00f3n profesional y \u00e9tica en este campo, para evitar el descr\u00e9dito y la desvalorizaci\u00f3n de esta terapia tan efectiva y milenaria. Para ello a trav\u00e9s de este programa se pretende ordenar los conocimientos, [&hellip;]<\/p>\n","protected":false},"author":2,"featured_media":0,"parent":0,"menu_order":0,"comment_status":"closed","ping_status":"closed","template":"","meta":{"_et_pb_use_builder":"on","_et_pb_old_content":"","_et_gb_content_width":"","footnotes":""},"class_list":["post-4764","page","type-page","status-publish","hentry"],"yoast_head":"<!-- This site is optimized with the Yoast SEO plugin v27.4 - https:\/\/yoast.com\/product\/yoast-seo-wordpress\/ -->\n<title>Curso Auriculoterapia - Fimit<\/title>\n<meta name=\"robots\" content=\"index, follow, max-snippet:-1, max-image-preview:large, max-video-preview:-1\" \/>\n<link rel=\"canonical\" href=\"http:\/\/fimit-ong.org.ar\/site\/curso-auriculoterapia\/\" \/>\n<meta property=\"og:locale\" content=\"es_ES\" \/>\n<meta property=\"og:type\" content=\"article\" \/>\n<meta property=\"og:title\" content=\"Curso Auriculoterapia - Fimit\" \/>\n<meta property=\"og:description\" content=\"&nbsp; Programa de Aur\u00edculoterapia Fundamentaci\u00f3n: Dado al gran auge de la auriculoterapia para el tratamiento complementario de diversas patolog\u00edas, es necesaria la formaci\u00f3n profesional y \u00e9tica en este campo, para evitar el descr\u00e9dito y la desvalorizaci\u00f3n de esta terapia tan efectiva y milenaria. Para ello a trav\u00e9s de este programa se pretende ordenar los conocimientos, [&hellip;]\" \/>\n<meta property=\"og:url\" content=\"http:\/\/fimit-ong.org.ar\/site\/curso-auriculoterapia\/\" \/>\n<meta property=\"og:site_name\" content=\"Fimit\" \/>\n<meta property=\"article:modified_time\" content=\"2018-08-28T15:47:00+00:00\" \/>\n<meta name=\"twitter:card\" content=\"summary_large_image\" \/>\n<meta name=\"twitter:label1\" content=\"Tiempo de lectura\" \/>\n\t<meta name=\"twitter:data1\" content=\"7 minutos\" \/>\n<script type=\"application\/ld+json\" class=\"yoast-schema-graph\">{\"@context\":\"https:\\\/\\\/schema.org\",\"@graph\":[{\"@type\":\"WebPage\",\"@id\":\"http:\\\/\\\/fimit-ong.org.ar\\\/site\\\/curso-auriculoterapia\\\/\",\"url\":\"http:\\\/\\\/fimit-ong.org.ar\\\/site\\\/curso-auriculoterapia\\\/\",\"name\":\"Curso Auriculoterapia - Fimit\",\"isPartOf\":{\"@id\":\"http:\\\/\\\/fimit-ong.org.ar\\\/site\\\/#website\"},\"datePublished\":\"2018-06-25T19:42:43+00:00\",\"dateModified\":\"2018-08-28T15:47:00+00:00\",\"breadcrumb\":{\"@id\":\"http:\\\/\\\/fimit-ong.org.ar\\\/site\\\/curso-auriculoterapia\\\/#breadcrumb\"},\"inLanguage\":\"es\",\"potentialAction\":[{\"@type\":\"ReadAction\",\"target\":[\"http:\\\/\\\/fimit-ong.org.ar\\\/site\\\/curso-auriculoterapia\\\/\"]}]},{\"@type\":\"BreadcrumbList\",\"@id\":\"http:\\\/\\\/fimit-ong.org.ar\\\/site\\\/curso-auriculoterapia\\\/#breadcrumb\",\"itemListElement\":[{\"@type\":\"ListItem\",\"position\":1,\"name\":\"Home\",\"item\":\"https:\\\/\\\/fimit-ong.org.ar\\\/site\\\/\"},{\"@type\":\"ListItem\",\"position\":2,\"name\":\"Curso Auriculoterapia\"}]},{\"@type\":\"WebSite\",\"@id\":\"http:\\\/\\\/fimit-ong.org.ar\\\/site\\\/#website\",\"url\":\"http:\\\/\\\/fimit-ong.org.ar\\\/site\\\/\",\"name\":\"Fimit\",\"description\":\"Fundaci\u00f3n Internacional de Medicinas Integrativas y Tradicionales\",\"potentialAction\":[{\"@type\":\"SearchAction\",\"target\":{\"@type\":\"EntryPoint\",\"urlTemplate\":\"http:\\\/\\\/fimit-ong.org.ar\\\/site\\\/?s={search_term_string}\"},\"query-input\":{\"@type\":\"PropertyValueSpecification\",\"valueRequired\":true,\"valueName\":\"search_term_string\"}}],\"inLanguage\":\"es\"}]}<\/script>\n<!-- \/ Yoast SEO plugin. -->","yoast_head_json":{"title":"Curso Auriculoterapia - Fimit","robots":{"index":"index","follow":"follow","max-snippet":"max-snippet:-1","max-image-preview":"max-image-preview:large","max-video-preview":"max-video-preview:-1"},"canonical":"http:\/\/fimit-ong.org.ar\/site\/curso-auriculoterapia\/","og_locale":"es_ES","og_type":"article","og_title":"Curso Auriculoterapia - Fimit","og_description":"&nbsp; Programa de Aur\u00edculoterapia Fundamentaci\u00f3n: Dado al gran auge de la auriculoterapia para el tratamiento complementario de diversas patolog\u00edas, es necesaria la formaci\u00f3n profesional y \u00e9tica en este campo, para evitar el descr\u00e9dito y la desvalorizaci\u00f3n de esta terapia tan efectiva y milenaria. Para ello a trav\u00e9s de este programa se pretende ordenar los conocimientos, [&hellip;]","og_url":"http:\/\/fimit-ong.org.ar\/site\/curso-auriculoterapia\/","og_site_name":"Fimit","article_modified_time":"2018-08-28T15:47:00+00:00","twitter_card":"summary_large_image","twitter_misc":{"Tiempo de lectura":"7 minutos"},"schema":{"@context":"https:\/\/schema.org","@graph":[{"@type":"WebPage","@id":"http:\/\/fimit-ong.org.ar\/site\/curso-auriculoterapia\/","url":"http:\/\/fimit-ong.org.ar\/site\/curso-auriculoterapia\/","name":"Curso Auriculoterapia - Fimit","isPartOf":{"@id":"http:\/\/fimit-ong.org.ar\/site\/#website"},"datePublished":"2018-06-25T19:42:43+00:00","dateModified":"2018-08-28T15:47:00+00:00","breadcrumb":{"@id":"http:\/\/fimit-ong.org.ar\/site\/curso-auriculoterapia\/#breadcrumb"},"inLanguage":"es","potentialAction":[{"@type":"ReadAction","target":["http:\/\/fimit-ong.org.ar\/site\/curso-auriculoterapia\/"]}]},{"@type":"BreadcrumbList","@id":"http:\/\/fimit-ong.org.ar\/site\/curso-auriculoterapia\/#breadcrumb","itemListElement":[{"@type":"ListItem","position":1,"name":"Home","item":"https:\/\/fimit-ong.org.ar\/site\/"},{"@type":"ListItem","position":2,"name":"Curso Auriculoterapia"}]},{"@type":"WebSite","@id":"http:\/\/fimit-ong.org.ar\/site\/#website","url":"http:\/\/fimit-ong.org.ar\/site\/","name":"Fimit","description":"Fundaci\u00f3n Internacional de Medicinas Integrativas y Tradicionales","potentialAction":[{"@type":"SearchAction","target":{"@type":"EntryPoint","urlTemplate":"http:\/\/fimit-ong.org.ar\/site\/?s={search_term_string}"},"query-input":{"@type":"PropertyValueSpecification","valueRequired":true,"valueName":"search_term_string"}}],"inLanguage":"es"}]}},"_links":{"self":[{"href":"https:\/\/fimit-ong.org.ar\/site\/wp-json\/wp\/v2\/pages\/4764","targetHints":{"allow":["GET"]}}],"collection":[{"href":"https:\/\/fimit-ong.org.ar\/site\/wp-json\/wp\/v2\/pages"}],"about":[{"href":"https:\/\/fimit-ong.org.ar\/site\/wp-json\/wp\/v2\/types\/page"}],"author":[{"embeddable":true,"href":"https:\/\/fimit-ong.org.ar\/site\/wp-json\/wp\/v2\/users\/2"}],"replies":[{"embeddable":true,"href":"https:\/\/fimit-ong.org.ar\/site\/wp-json\/wp\/v2\/comments?post=4764"}],"version-history":[{"count":9,"href":"https:\/\/fimit-ong.org.ar\/site\/wp-json\/wp\/v2\/pages\/4764\/revisions"}],"predecessor-version":[{"id":4999,"href":"https:\/\/fimit-ong.org.ar\/site\/wp-json\/wp\/v2\/pages\/4764\/revisions\/4999"}],"wp:attachment":[{"href":"https:\/\/fimit-ong.org.ar\/site\/wp-json\/wp\/v2\/media?parent=4764"}],"curies":[{"name":"wp","href":"https:\/\/api.w.org\/{rel}","templated":true}]}}